{"id":134,"date":"2026-01-17T11:46:30","date_gmt":"2026-01-17T11:46:30","guid":{"rendered":"https:\/\/neodialogs.com\/pruebas\/chatbots-de-ia-y-bots-de-voz-para-empresas\/"},"modified":"2026-03-10T11:09:01","modified_gmt":"2026-03-10T16:09:01","slug":"chatbots-de-ia-y-bots-de-voz-para-empresas","status":"publish","type":"page","link":"https:\/\/neodialogs.com\/pruebas\/chatbots-de-ia-y-bots-de-voz-para-empresas\/","title":{"rendered":"Chatbots de IA y bots de voz para empresas"},"content":{"rendered":"\t\t<div data-elementor-type=\"wp-page\" data-elementor-id=\"134\" class=\"elementor elementor-134\">\n\t\t\t\t<div class=\"elementor-element elementor-element-k7tj6up9 twbb_section twbb_full_h e-con-boxed e-flex e-con e-parent\" data-id=\"k7tj6up9\" data-element_type=\"container\" id=\"hero-section-of-the-page-for-solution-ai-chat-and-voice-bots-for-business\" data-settings=\"{&quot;background_background&quot;:&quot;classic&quot;,&quot;background_motion_fx_motion_fx_scrolling&quot;:&quot;yes&quot;,&quot;background_motion_fx_scale_effect&quot;:&quot;yes&quot;,&quot;background_motion_fx_scale_speed&quot;:{&quot;unit&quot;:&quot;px&quot;,&quot;size&quot;:7,&quot;sizes&quot;:[]},&quot;background_motion_fx_scale_direction&quot;:&quot;out-in&quot;,&quot;background_motion_fx_scale_range&quot;:{&quot;unit&quot;:&quot;%&quot;,&quot;size&quot;:&quot;&quot;,&quot;sizes&quot;:{&quot;start&quot;:20,&quot;end&quot;:80}},&quot;background_motion_fx_devices&quot;:[&quot;desktop&quot;,&quot;tablet&quot;,&quot;mobile&quot;]}\">\n\t\t\t\t\t<div class=\"e-con-inner\">\n\t\t\t\t<div class=\"elementor-element elementor-element-y1e7gj1w elementor-widget__width-initial elementor-widget-mobile__width-inherit elementor-widget-tablet__width-initial twbb-headline--style-highlight elementor-widget elementor-widget-twbbanimated-headline\" data-id=\"y1e7gj1w\" data-element_type=\"widget\" data-settings=\"{&quot;highlighted_text&quot;:&quot;Chatbots de IA&quot;,&quot;marker&quot;:&quot;underline_zigzag&quot;,&quot;headline_style&quot;:&quot;highlight&quot;}\" data-widget_type=\"twbbanimated-headline.default\">\n\t\t\t\t<div class=\"elementor-widget-container\">\n\t\t\t\t\t    <h1 class=\"twbb-headline\">\n          <span class=\"twbb-headline-plain-text twbb-headline-text-wrapper\">Revoluciona tu negocio con<\/span>\n        <span class=\"twbb-headline-dynamic-wrapper twbb-headline-text-wrapper\"><\/span>\n        <\/h1>\n    \t\t\t\t<\/div>\n\t\t\t\t<\/div>\n\t\t\t\t<div class=\"elementor-element elementor-element-2pwqxyr0 elementor-widget__width-initial elementor-widget-mobile__width-inherit elementor-widget-tablet__width-initial elementor-invisible elementor-widget elementor-widget-text-editor\" data-id=\"2pwqxyr0\" data-element_type=\"widget\" data-settings=\"{&quot;_animation&quot;:&quot;fadeInUp&quot;}\" data-widget_type=\"text-editor.default\">\n\t\t\t\t\t\t\t\t\tNeoDialogs ofrece chatbots de IA y bots de voz de vanguardia dise\u00f1ados para transformar tus operaciones comerciales. Automatiza tareas, mejora la interacci\u00f3n con el cliente y aumenta la eficiencia en todos los departamentos con nuestras soluciones inteligentes. \u00a1Descubre el poder de la IA hoy mismo!\t\t\t\t\t\t\t\t<\/div>\n\t\t<div class=\"elementor-element elementor-element-zhcnwhb7 e-con-full e-flex e-con e-parent\" data-id=\"zhcnwhb7\" data-element_type=\"container\">\n\t\t\t\t<div class=\"elementor-element elementor-element-bzbrnycj elementor-align-right elementor-mobile-align-center elementor-widget elementor-widget-button\" data-id=\"bzbrnycj\" data-element_type=\"widget\" data-widget_type=\"button.default\">\n\t\t\t\t\t\t\t\t\t\t<a class=\"elementor-button elementor-button-link elementor-size-sm\" href=\"#ai-chat-voice-bots\">\n\t\t\t\t\t\t<span class=\"elementor-button-content-wrapper\">\n\t\t\t\t\t\t\t\t\t<span class=\"elementor-button-text\">M\u00e1s informaci\u00f3n<\/span>\n\t\t\t\t\t<\/span>\n\t\t\t\t\t<\/a>\n\t\t\t\t\t\t\t\t<\/div>\n\t\t\t\t<div class=\"elementor-element elementor-element-lv9l1gou elementor-align-left elementor-mobile-align-center elementor-widget elementor-widget-button\" data-id=\"lv9l1gou\" data-element_type=\"widget\" data-widget_type=\"button.default\">\n\t\t\t\t\t\t\t\t\t\t<a class=\"elementor-button elementor-button-link elementor-size-sm\" href=\"#\">\n\t\t\t\t\t\t<span class=\"elementor-button-content-wrapper\">\n\t\t\t\t\t\t\t\t\t<span class=\"elementor-button-text\">Comienza ahora<\/span>\n\t\t\t\t\t<\/span>\n\t\t\t\t\t<\/a>\n\t\t\t\t\t\t\t\t<\/div>\n\t\t\t\t<\/div>\n\t\t\t\t\t<\/div>\n\t\t\t\t<\/div>\n\t\t<div class=\"elementor-element elementor-element-3g39jg5k twbb_section e-con-boxed e-flex e-con e-parent\" data-id=\"3g39jg5k\" data-element_type=\"container\" id=\"details-section-of-the-page-for-solution-ai-chat-and-voice-bots-for-business\">\n\t\t\t\t\t<div class=\"e-con-inner\">\n\t\t\t\t<div class=\"elementor-element elementor-element-hmz7s8q4 elementor-widget__width-initial elementor-widget-mobile__width-inherit elementor-widget-tablet__width-initial elementor-widget elementor-widget-image\" data-id=\"hmz7s8q4\" data-element_type=\"widget\" data-widget_type=\"image.default\">\n\t\t\t\t\t\t\t\t\t\t\t\t\t\t\t<img alt=\"\" fetchpriority=\"high\" decoding=\"async\" width=\"1024\" height=\"1024\" src=\"https:\/\/neodialogs.com\/pruebas\/wp-content\/uploads\/2026\/01\/tenweb_media_sak0qi84a.webp\" class=\"attachment-full size-full wp-image-119\" alt=\"\" srcset=\"https:\/\/neodialogs.com\/pruebas\/wp-content\/uploads\/2026\/01\/tenweb_media_sak0qi84a.webp 1024w, https:\/\/neodialogs.com\/pruebas\/wp-content\/uploads\/2026\/01\/tenweb_media_sak0qi84a-300x300.webp 300w, https:\/\/neodialogs.com\/pruebas\/wp-content\/uploads\/2026\/01\/tenweb_media_sak0qi84a-150x150.webp 150w, https:\/\/neodialogs.com\/pruebas\/wp-content\/uploads\/2026\/01\/tenweb_media_sak0qi84a-768x768.webp 768w, https:\/\/neodialogs.com\/pruebas\/wp-content\/uploads\/2026\/01\/tenweb_media_sak0qi84a-600x600.webp 600w\" sizes=\"(max-width: 1024px) 100vw, 1024px\" \/>\t\t\t\t\t\t\t\t\t\t\t\t\t\t\t<\/div>\n\t\t<div class=\"elementor-element elementor-element-njwxr4vf e-con-full e-flex e-con e-parent\" data-id=\"njwxr4vf\" data-element_type=\"container\">\n\t\t\t\t<div class=\"elementor-element elementor-element-5j1n5y61 elementor-widget__width-initial elementor-widget-mobile__width-inherit elementor-widget-tablet__width-initial elementor-invisible elementor-widget elementor-widget-heading\" data-id=\"5j1n5y61\" data-element_type=\"widget\" data-settings=\"{&quot;_animation&quot;:&quot;fadeInUp&quot;}\" data-widget_type=\"heading.default\">\n\t\t\t\t\t<h2 class=\"elementor-heading-title elementor-size-default\">\u00bfPor qu\u00e9 elegir nuestros <em>chatbots y bots de voz con IA<\/em> para tu negocio?<\/h2>\t\t\t\t<\/div>\n\t\t\t\t<div class=\"elementor-element elementor-element-9gmpntpv elementor-widget__width-initial elementor-widget-mobile__width-inherit elementor-widget-tablet__width-initial elementor-invisible elementor-widget elementor-widget-text-editor\" data-id=\"9gmpntpv\" data-element_type=\"widget\" data-settings=\"{&quot;_animation&quot;:&quot;fadeInUp&quot;}\" data-widget_type=\"text-editor.default\">\n\t\t\t\t\t\t\t\t\tDescubre c\u00f3mo los chatbots y bots de voz con IA de NeoDialogs pueden transformar las operaciones de tu negocio. Desde la automatizaci\u00f3n de consultas rutinarias hasta la prestaci\u00f3n de soporte 24\/7, nuestras soluciones est\u00e1n dise\u00f1adas para aumentar la eficiencia, mejorar la interacci\u00f3n con el cliente e integrarse a la perfecci\u00f3n con tus sistemas existentes. Escala sin esfuerzo a medida que tu negocio crece con nuestros planes flexibles.\t\t\t\t\t\t\t\t<\/div>\n\t\t<div class=\"elementor-element elementor-element-n9t5fdsy e-con-full e-flex e-con e-parent\" data-id=\"n9t5fdsy\" data-element_type=\"container\">\n\t\t<div class=\"elementor-element elementor-element-rgcpet8g e-con-full e-flex e-con e-parent\" data-id=\"rgcpet8g\" data-element_type=\"container\">\n\t\t\t\t<div class=\"elementor-element elementor-element-obglmauy elementor-widget__width-auto elementor-widget-mobile__width-auto elementor-widget-tablet__width-initial elementor-widget elementor-widget-counter\" data-id=\"obglmauy\" data-element_type=\"widget\" data-widget_type=\"counter.default\">\n\t\t\t\t\t\t\t<div class=\"elementor-counter\">\n\t\t\t<div class=\"elementor-counter-title\">respuestas automatizadas<\/div>\t\t\t<div class=\"elementor-counter-number-wrapper\">\n\t\t\t\t<span class=\"elementor-counter-number-prefix\"><\/span>\n\t\t\t\t<span class=\"elementor-counter-number\" data-duration=\"2000\" data-to-value=\"1000\" data-from-value=\"0\">0<\/span>\n\t\t\t\t<span class=\"elementor-counter-number-suffix\"> mil<\/span>\n\t\t\t<\/div>\n\t\t<\/div>\n\t\t\t\t\t\t<\/div>\n\t\t\t\t<\/div>\n\t\t<div class=\"elementor-element elementor-element-ea4roxpz e-con-full e-flex e-con e-parent\" data-id=\"ea4roxpz\" data-element_type=\"container\">\n\t\t\t\t<div class=\"elementor-element elementor-element-03d3n5kl elementor-widget__width-auto elementor-widget-mobile__width-auto elementor-widget-tablet__width-initial elementor-widget elementor-widget-counter\" data-id=\"03d3n5kl\" data-element_type=\"widget\" data-widget_type=\"counter.default\">\n\t\t\t\t\t\t\t<div class=\"elementor-counter\">\n\t\t\t<div class=\"elementor-counter-title\">clientes atendidos<\/div>\t\t\t<div class=\"elementor-counter-number-wrapper\">\n\t\t\t\t<span class=\"elementor-counter-number-prefix\"><\/span>\n\t\t\t\t<span class=\"elementor-counter-number\" data-duration=\"2000\" data-to-value=\"500\" data-from-value=\"0\">0<\/span>\n\t\t\t\t<span class=\"elementor-counter-number-suffix\"> mil<\/span>\n\t\t\t<\/div>\n\t\t<\/div>\n\t\t\t\t\t\t<\/div>\n\t\t\t\t<\/div>\n\t\t\t\t<\/div>\n\t\t<div class=\"elementor-element elementor-element-uagbftrx e-con-full e-flex e-con e-parent\" data-id=\"uagbftrx\" data-element_type=\"container\">\n\t\t<div class=\"elementor-element elementor-element-n9qyqblz e-con-full e-flex e-con e-parent\" data-id=\"n9qyqblz\" data-element_type=\"container\">\n\t\t\t\t<div class=\"elementor-element elementor-element-55ncgyjl elementor-widget__width-auto elementor-widget-mobile__width-auto elementor-widget-tablet__width-initial elementor-widget elementor-widget-counter\" data-id=\"55ncgyjl\" data-element_type=\"widget\" data-widget_type=\"counter.default\">\n\t\t\t\t\t\t\t<div class=\"elementor-counter\">\n\t\t\t<div class=\"elementor-counter-title\">tareas gestionadas<\/div>\t\t\t<div class=\"elementor-counter-number-wrapper\">\n\t\t\t\t<span class=\"elementor-counter-number-prefix\"><\/span>\n\t\t\t\t<span class=\"elementor-counter-number\" data-duration=\"2000\" data-to-value=\"200\" data-from-value=\"0\">0<\/span>\n\t\t\t\t<span class=\"elementor-counter-number-suffix\"> mil<\/span>\n\t\t\t<\/div>\n\t\t<\/div>\n\t\t\t\t\t\t<\/div>\n\t\t\t\t<\/div>\n\t\t<div class=\"elementor-element elementor-element-4wsqrc0q e-con-full e-flex e-con e-parent\" data-id=\"4wsqrc0q\" data-element_type=\"container\">\n\t\t\t\t<div class=\"elementor-element elementor-element-128ugbux elementor-widget__width-auto elementor-widget-mobile__width-auto elementor-widget-tablet__width-initial elementor-widget elementor-widget-counter\" data-id=\"128ugbux\" data-element_type=\"widget\" data-widget_type=\"counter.default\">\n\t\t\t\t\t\t\t<div class=\"elementor-counter\">\n\t\t\t<div class=\"elementor-counter-title\">procesos de negocio optimizados<\/div>\t\t\t<div class=\"elementor-counter-number-wrapper\">\n\t\t\t\t<span class=\"elementor-counter-number-prefix\"><\/span>\n\t\t\t\t<span class=\"elementor-counter-number\" data-duration=\"2000\" data-to-value=\"300\" data-from-value=\"0\">0<\/span>\n\t\t\t\t<span class=\"elementor-counter-number-suffix\"> mil<\/span>\n\t\t\t<\/div>\n\t\t<\/div>\n\t\t\t\t\t\t<\/div>\n\t\t\t\t<\/div>\n\t\t\t\t<\/div>\n\t\t\t\t<\/div>\n\t\t\t\t\t<\/div>\n\t\t\t\t<\/div>\n\t\t\t\t<\/div>\n\t\t","protected":false},"excerpt":{"rendered":"","protected":false},"author":3,"featured_media":0,"parent":0,"menu_order":0,"comment_status":"closed","ping_status":"closed","template":"","meta":{"_seopress_robots_primary_cat":"","_seopress_titles_title":"","_seopress_titles_desc":"","_seopress_robots_index":"","_monsterinsights_skip_tracking":false,"_monsterinsights_sitenote_active":false,"_monsterinsights_sitenote_note":"","_monsterinsights_sitenote_category":0,"footnotes":""},"categories":[15],"tags":[],"class_list":["post-134","page","type-page","status-publish","hentry","category-spanish"],"_links":{"self":[{"href":"https:\/\/neodialogs.com\/pruebas\/wp-json\/wp\/v2\/pages\/134","targetHints":{"allow":["GET"]}}],"collection":[{"href":"https:\/\/neodialogs.com\/pruebas\/wp-json\/wp\/v2\/pages"}],"about":[{"href":"https:\/\/neodialogs.com\/pruebas\/wp-json\/wp\/v2\/types\/page"}],"author":[{"embeddable":true,"href":"https:\/\/neodialogs.com\/pruebas\/wp-json\/wp\/v2\/users\/3"}],"replies":[{"embeddable":true,"href":"https:\/\/neodialogs.com\/pruebas\/wp-json\/wp\/v2\/comments?post=134"}],"version-history":[{"count":1,"href":"https:\/\/neodialogs.com\/pruebas\/wp-json\/wp\/v2\/pages\/134\/revisions"}],"predecessor-version":[{"id":158,"href":"https:\/\/neodialogs.com\/pruebas\/wp-json\/wp\/v2\/pages\/134\/revisions\/158"}],"wp:attachment":[{"href":"https:\/\/neodialogs.com\/pruebas\/wp-json\/wp\/v2\/media?parent=134"}],"wp:term":[{"taxonomy":"category","embeddable":true,"href":"https:\/\/neodialogs.com\/pruebas\/wp-json\/wp\/v2\/categories?post=134"},{"taxonomy":"post_tag","embeddable":true,"href":"https:\/\/neodialogs.com\/pruebas\/wp-json\/wp\/v2\/tags?post=134"}],"curies":[{"name":"wp","href":"https:\/\/api.w.org\/{rel}","templated":true}]}}